{"id":70,"date":"2020-05-26T07:22:02","date_gmt":"2020-05-26T07:22:02","guid":{"rendered":"http:\/\/institutohistoricosl.com.br\/?page_id=70"},"modified":"2020-07-07T19:10:04","modified_gmt":"2020-07-07T19:10:04","slug":"instituicoes-parceiras","status":"publish","type":"page","link":"https:\/\/institutohistoricosl.com.br\/?page_id=70","title":{"rendered":"Institui\u00e7\u00f5es parceiras"},"content":{"rendered":"\n<div style=\"height:24px\" aria-hidden=\"true\" class=\"wp-block-spacer\"><\/div>\n\n\n\n<p>ASSOCIA\u00c7\u00c3O BRASILEIRA DE PESQUISA (AUTO)BIOGR\u00c1FICA \u2013 BIOGraph<\/p>\n\n\n\n<p>ASSOCIA\u00c7\u00c3O NACIONAL DE PESQUISADORES DA HIST\u00d3RIA DAS COMUNIDADES TEUTO BRASILEIRAS \u2013 ANPHCTB<\/p>\n\n\n\n<p>CENTRO DE ESTUDOS EUROPEUS E ALEM\u00c3ES &#8211; CDEA<\/p>\n\n\n\n<p>CENTRO DE MEM\u00d3RIA ALFA\/MAXICR\u00c9DITO-CEMAC \u2013 Chapec\u00f3\/SC<\/p>\n\n\n\n<p>CENTRO DE MEM\u00d3RIA, DOCUMENTA\u00c7\u00c3O E PESQUISA \u2013 CMDPU\/MCN\/UNIVATES<\/p>\n\n\n\n<p>COL\u00c9GIO TEUT\u00d4NIA<\/p>\n\n\n\n<p>COMUNICA\u00c7\u00c3O E MARKETING DO SICOOB CREDITAPIRANGA<\/p>\n\n\n\n<p>DEUTSCH BRASILIANISCHE GESELLSCHAFT<\/p>\n\n\n\n<p>FACULDADES EST &#8211; EST<\/p>\n\n\n\n<p>FACULDADES INTEGRADAS DE TAQUARA \u2013 FACCAT<\/p>\n\n\n\n<p>FREIE UNIVERSIT\u00c4T BERLIN \u2013 FU Berlin<\/p>\n\n\n\n<p>GAZETA DO SUL \u2013 STA. CRUZ DO SUL &#8211; RS<\/p>\n\n\n\n<p>INSTITUTO HIST\u00d3RICO DE S\u00c3O LEOPOLDO \u2013 IHSL<\/p>\n\n\n\n<p>INSTITUTO HIST\u00d3RICO E GEOGR\u00c1FICO DO VALE DO TAQUARI &#8211; IHGVT<\/p>\n\n\n\n<p>INSTITUTO MARTIUS-STADEN DE CI\u00caNCIAS, LETRAS E INTERC\u00c2MBIO CULTURAL BRASILEIRO ALEM\u00c3O<\/p>\n\n\n\n<p>INSTITUTO SUPERIOR DE EDUCA\u00c7\u00c3O IVOTI \u2013 ISEI<\/p>\n\n\n\n<p>LATEINAMERIKA-INSTITUT: STARTSEITE \u2013 FREIE UNIVERSIT\u00c4T BERLIN \u2013 LAI\/FU Berlin<\/p>\n\n\n\n<p>MUSEU HIST\u00d3RICO DE NOVA HARTZ &#8211; MHNH<\/p>\n\n\n\n<p>MUSEU HIST\u00d3RICO VISCONDE DE S\u00c3O LEOPOLDO \u2013 MHVSL<\/p>\n\n\n\n<p>OIKOS EDITORA LTDA<\/p>\n\n\n\n<p>PONTIF\u00cdCIA UNIVERSIDADE CAT\u00d3LICA DO RIO GRANDE DO SUL \u2013 PUCRS<\/p>\n\n\n\n<p>RELA\u00c7\u00d5ES LINGU\u00cdSTICAS E LITER\u00c1RIAS BRASIL-ALEMANHA &#8211; RELLIBRA<\/p>\n\n\n\n<p>SECRETARIA DE ESTADO DA EDUCA\u00c7\u00c3O DO RIO GRANDE DO SUL &#8211; RS<\/p>\n\n\n\n<p>SECRETARIA DE ESTADO DA EDUCA\u00c7\u00c3O DE SANTA CATARINA \u2013 SC<\/p>\n\n\n\n<p>UNIVERSIDADE COMUNIT\u00c1RIA DA REGI\u00c3O DE CHAPEC\u00d3 &#8211; UNOCHAPEC\u00d3<\/p>\n\n\n\n<p>UNIVERSIDADE DE CAXIAS DO SUL \u2013 UCS<\/p>\n\n\n\n<p>UNIVERSIDADE FEDERAL DA FRONTEIRA SUL \u2013 UFFS<\/p>\n\n\n\n<p>UNIVERSIDADE FEDERAL DE GOI\u00c1S \u2013 UFG<\/p>\n\n\n\n<p>UNIVERSIDADE FEDERAL DE MINAS GERAIS \u2013 UFMG<\/p>\n\n\n\n<p>UNIVERSIDADE FEDERAL DE PELOTAS &#8211; UFPEL<\/p>\n\n\n\n<p>UNIVERSIDADE FEDERAL DE SANTA CATARINA \u2013 UFSC<\/p>\n\n\n\n<p>UNIVERSIDADE FEDERAL DE RIO GRANDE &#8211; FURG<\/p>\n\n\n\n<p>UNIVERSIDADE FEDERAL DO RIO GRANDE DO SUL \u2013 UFRGS<\/p>\n\n\n\n<p>UNIVERSIDADE FEDERAL DE SANTA MARIA \u2013 UFSM<\/p>\n\n\n\n<p>UNIVERSIDADE FEEVALE<\/p>\n\n\n\n<p>UNIVERSIDADE DE PASSO FUNDO\u2013 UPF<\/p>\n\n\n\n<p>UNIVERSIDADE DE SANTA CRUZ DO SUL \u2013 UNISC<\/p>\n\n\n\n<p>UNIVERSIDADE DO VALE DO RIO DOS SINOS \u2013 UNISINOS<\/p>\n\n\n\n<p>UNIVERSIDADE DO VALE DO TAQUARI \u2013 UNIVATES<\/p>\n\n\n\n<p>UNIVERSIDADE REGIONAL DO NOROESTE DO ESTADO DO RIO GRANDE DO SUL \u2013 UNIJU\u00cd<\/p>\n","protected":false},"excerpt":{"rendered":"<p>ASSOCIA\u00c7\u00c3O BRASILEIRA DE PESQUISA (AUTO)BIOGR\u00c1FICA \u2013 BIOGraph ASSOCIA\u00c7\u00c3O NACIONAL DE PESQUISADORES DA HIST\u00d3RIA DAS COMUNIDADES TEUTO BRASILEIRAS \u2013 ANPHCTB CENTRO&hellip; <a class=\"read-more\" href=\"https:\/\/institutohistoricosl.com.br\/?page_id=70\">Continue lendo<\/a><\/p>\n","protected":false},"author":2,"featured_media":0,"parent":0,"menu_order":0,"comment_status":"closed","ping_status":"closed","template":"","meta":[],"_links":{"self":[{"href":"https:\/\/institutohistoricosl.com.br\/index.php?rest_route=\/wp\/v2\/pages\/70"}],"collection":[{"href":"https:\/\/institutohistoricosl.com.br\/index.php?rest_route=\/wp\/v2\/pages"}],"about":[{"href":"https:\/\/institutohistoricosl.com.br\/index.php?rest_route=\/wp\/v2\/types\/page"}],"author":[{"embeddable":true,"href":"https:\/\/institutohistoricosl.com.br\/index.php?rest_route=\/wp\/v2\/users\/2"}],"replies":[{"embeddable":true,"href":"https:\/\/institutohistoricosl.com.br\/index.php?rest_route=%2Fwp%2Fv2%2Fcomments&post=70"}],"version-history":[{"count":7,"href":"https:\/\/institutohistoricosl.com.br\/index.php?rest_route=\/wp\/v2\/pages\/70\/revisions"}],"predecessor-version":[{"id":523,"href":"https:\/\/institutohistoricosl.com.br\/index.php?rest_route=\/wp\/v2\/pages\/70\/revisions\/523"}],"wp:attachment":[{"href":"https:\/\/institutohistoricosl.com.br\/index.php?rest_route=%2Fwp%2Fv2%2Fmedia&parent=70"}],"curies":[{"name":"wp","href":"https:\/\/api.w.org\/{rel}","templated":true}]}}