{"id":37,"date":"2020-05-26T07:05:07","date_gmt":"2020-05-26T07:05:07","guid":{"rendered":"http:\/\/institutohistoricosl.com.br\/?page_id=37"},"modified":"2020-07-08T18:40:33","modified_gmt":"2020-07-08T18:40:33","slug":"atuacao","status":"publish","type":"page","link":"https:\/\/institutohistoricosl.com.br\/?page_id=37","title":{"rendered":"Atua\u00e7\u00e3o"},"content":{"rendered":"\n<div style=\"height:20px\" aria-hidden=\"true\" class=\"wp-block-spacer\"><\/div>\n\n\n\n<p>Mesmo que a sede do IHSL seja em S\u00e3o Leopoldo, geograficamente sua atua\u00e7\u00e3o se estende a diversos estados da federa\u00e7\u00e3o, especialmente atrav\u00e9s da atua\u00e7\u00e3o de\u00a0 seus associados, que pertencem a in\u00fameras institui\u00e7\u00f5es, e suas pesquisas est\u00e3o relacionadas \u00e0 Antropologia, Arqueologia, Arquitetura, Educa\u00e7\u00e3o, Hist\u00f3ria, Lingu\u00edstica, Literatura, Sociologia, Teologia, ao Patrim\u00f4nio Hist\u00f3rico e Turismo.<\/p>\n","protected":false},"excerpt":{"rendered":"<p>Mesmo que a sede do IHSL seja em S\u00e3o Leopoldo, geograficamente sua atua\u00e7\u00e3o se estende a diversos estados da federa\u00e7\u00e3o,&hellip; <a class=\"read-more\" href=\"https:\/\/institutohistoricosl.com.br\/?page_id=37\">Continue lendo<\/a><\/p>\n","protected":false},"author":2,"featured_media":0,"parent":0,"menu_order":0,"comment_status":"closed","ping_status":"closed","template":"","meta":[],"_links":{"self":[{"href":"https:\/\/institutohistoricosl.com.br\/index.php?rest_route=\/wp\/v2\/pages\/37"}],"collection":[{"href":"https:\/\/institutohistoricosl.com.br\/index.php?rest_route=\/wp\/v2\/pages"}],"about":[{"href":"https:\/\/institutohistoricosl.com.br\/index.php?rest_route=\/wp\/v2\/types\/page"}],"author":[{"embeddable":true,"href":"https:\/\/institutohistoricosl.com.br\/index.php?rest_route=\/wp\/v2\/users\/2"}],"replies":[{"embeddable":true,"href":"https:\/\/institutohistoricosl.com.br\/index.php?rest_route=%2Fwp%2Fv2%2Fcomments&post=37"}],"version-history":[{"count":4,"href":"https:\/\/institutohistoricosl.com.br\/index.php?rest_route=\/wp\/v2\/pages\/37\/revisions"}],"predecessor-version":[{"id":539,"href":"https:\/\/institutohistoricosl.com.br\/index.php?rest_route=\/wp\/v2\/pages\/37\/revisions\/539"}],"wp:attachment":[{"href":"https:\/\/institutohistoricosl.com.br\/index.php?rest_route=%2Fwp%2Fv2%2Fmedia&parent=37"}],"curies":[{"name":"wp","href":"https:\/\/api.w.org\/{rel}","templated":true}]}}