{"id":35,"date":"2020-05-26T07:04:53","date_gmt":"2020-05-26T07:04:53","guid":{"rendered":"http:\/\/institutohistoricosl.com.br\/?page_id=35"},"modified":"2020-07-08T18:26:33","modified_gmt":"2020-07-08T18:26:33","slug":"objetivos","status":"publish","type":"page","link":"https:\/\/institutohistoricosl.com.br\/?page_id=35","title":{"rendered":"Objetivo"},"content":{"rendered":"\n<p>Promover e divulgar reflex\u00f5es, estudos e investiga\u00e7\u00f5es hist\u00f3ricas sobre migra\u00e7\u00f5es humanas, emigra\u00e7\u00e3o, imigra\u00e7\u00e3o e coloniza\u00e7\u00e3o.<\/p>\n","protected":false},"excerpt":{"rendered":"<p>Promover e divulgar reflex\u00f5es, estudos e investiga\u00e7\u00f5es hist\u00f3ricas sobre migra\u00e7\u00f5es humanas, emigra\u00e7\u00e3o, imigra\u00e7\u00e3o e coloniza\u00e7\u00e3o.<\/p>\n","protected":false},"author":2,"featured_media":0,"parent":0,"menu_order":0,"comment_status":"closed","ping_status":"closed","template":"","meta":[],"_links":{"self":[{"href":"https:\/\/institutohistoricosl.com.br\/index.php?rest_route=\/wp\/v2\/pages\/35"}],"collection":[{"href":"https:\/\/institutohistoricosl.com.br\/index.php?rest_route=\/wp\/v2\/pages"}],"about":[{"href":"https:\/\/institutohistoricosl.com.br\/index.php?rest_route=\/wp\/v2\/types\/page"}],"author":[{"embeddable":true,"href":"https:\/\/institutohistoricosl.com.br\/index.php?rest_route=\/wp\/v2\/users\/2"}],"replies":[{"embeddable":true,"href":"https:\/\/institutohistoricosl.com.br\/index.php?rest_route=%2Fwp%2Fv2%2Fcomments&post=35"}],"version-history":[{"count":3,"href":"https:\/\/institutohistoricosl.com.br\/index.php?rest_route=\/wp\/v2\/pages\/35\/revisions"}],"predecessor-version":[{"id":525,"href":"https:\/\/institutohistoricosl.com.br\/index.php?rest_route=\/wp\/v2\/pages\/35\/revisions\/525"}],"wp:attachment":[{"href":"https:\/\/institutohistoricosl.com.br\/index.php?rest_route=%2Fwp%2Fv2%2Fmedia&parent=35"}],"curies":[{"name":"wp","href":"https:\/\/api.w.org\/{rel}","templated":true}]}}